{"id":11,"date":"2020-07-07T19:04:29","date_gmt":"2020-07-07T22:04:29","guid":{"rendered":"http:\/\/costaefernandes.com.br\/?page_id=11"},"modified":"2025-11-29T05:59:22","modified_gmt":"2025-11-29T08:59:22","slug":"costa-e-fernandes-advogados","status":"publish","type":"page","link":"https:\/\/costaefernandes.com.br\/","title":{"rendered":"Costa e Fernandes Advogados"},"content":{"rendered":"\n<ul>\n<li><a href=\"mailto:rodrigo@costaefernandes.com.br\">\u00a0<\/a><\/li>\n<li><a href=\"https:\/\/api.whatsapp.com\/send?phone=5532991946573\">\u00a0<\/a><\/li>\n<\/ul>\n<p><img loading=\"lazy\" src=\"http:\/\/costaefernandes.com.br\/wp-content\/uploads\/2020\/07\/Logobrancosemfundo-768x446.png\" sizes=\"(max-width: 580px) 100vw, 580px\" srcset=\"https:\/\/costaefernandes.com.br\/wp-content\/uploads\/2020\/07\/Logobrancosemfundo-768x446.png 768w, https:\/\/costaefernandes.com.br\/wp-content\/uploads\/2020\/07\/Logobrancosemfundo-300x174.png 300w, https:\/\/costaefernandes.com.br\/wp-content\/uploads\/2020\/07\/Logobrancosemfundo-1024x594.png 1024w, https:\/\/costaefernandes.com.br\/wp-content\/uploads\/2020\/07\/Logobrancosemfundo-1536x891.png 1536w, https:\/\/costaefernandes.com.br\/wp-content\/uploads\/2020\/07\/Logobrancosemfundo-1200x696.png 1200w, https:\/\/costaefernandes.com.br\/wp-content\/uploads\/2020\/07\/Logobrancosemfundo.png 1903w\" alt=\"\" width=\"580\" height=\"337\" \/><\/p>\n<h4>Sobre n\u00f3s<\/h4>\n<h2>Quem somos<\/h2>\n<p>Nosso escrit\u00f3rio de advocacia iniciou suas atividades em 12 de fevereiro de 2008, atuando <a style=\"color: inherit; text-decoration: none;\" href=\"https:\/\/wazambaa.it\/\"> wazamba casino <\/a> desde ent\u00e3o nas mais diversas esferas do Direito em Juiz de Fora e regi\u00e3o.<\/p>\n<p>Os s\u00f3cios-fundadores, Dr. Rodrigo Costa e Costa e Dr. Victor Fernandes Lima, contam com mais de 15 anos de milit\u00e2ncia na cidade, sempre buscando o melhor do <a style=\"color: inherit; text-decoration: none;\" href=\"https:\/\/wazambaa.it\/\"> wazamba casino italy <\/a> Direito para seus clientes.<\/p>\n<p>A fim de atender melhor aos clientes que nos procuram, contamos com advogados parceiros que ampliam o leque de ramifica\u00e7\u00f5es do Direito que o escrit\u00f3rio atende, dando suporte e seguran\u00e7a \u00e0queles que contam com nosso trabalho.<\/p>\n<h4>Onde atuamos<\/h4>\n<h2>Uma equipe pronta e preparada para voc\u00ea e sua empresa<\/h2>\n<p>Atendemos, juntamente com advogados parceiros, \u00e0s necessidades de nossos clientes em diversos ramos do Direito, em especial na esfera c\u00edvel (fam\u00edlia, responsabilidade civil, obriga\u00e7\u00f5es, contratos, recupera\u00e7\u00e3o de cr\u00e9dito, etc.), consumerista, previdenci\u00e1ria, trabalhista, tribut\u00e1ria, administrativa.<\/p>\n<p>Tamb\u00e9m prestamos servi\u00e7os a escrit\u00f3rios <a href=\"https:\/\/casinowazamba.it\/\" style=\"color: inherit; text-decoration: none;\"> casino wazamba <\/a> de outras comarcas, seja no envio de c\u00f3pias de processos, despachos, protocolos, dentre outras dilig\u00eancias que se fizerem necess\u00e1rias.<\/p>\n<p><a role=\"button\" href=\"mailto:rodrigo@costaefernandes.com.br\"><br \/>Fale Conosco<br \/><\/a><\/p>\n<h3>Fam\u00edlia<\/h3>\n<p><a href=\"#\"> Trata das obriga\u00e7\u00f5es e direitos decorrentes rela\u00e7\u00f5es familiares, abrangendo casamento, uni\u00e3o est\u00e1vel, div\u00f3rcio, rela\u00e7\u00f5es de parentesco, filia\u00e7\u00e3o, alimentos <a href=\"https:\/\/example.com\" style=\"color: inherit; text-decoration: none;\"> ghostwriter <\/a> , bem de fam\u00edlia, tutela, curatela e guarda.<br \/><\/a><\/p>\n<h3>Direito Civil<\/h3>\n<p>Mais abrangente ramo do Direito brasileiro, trata do conjunto de normas reguladoras dos direitos e obriga\u00e7\u00f5es de ordem privada concernente \u00e0s pessoas, aos seus direitos e obriga\u00e7\u00f5es, aos bens e \u00e0s suas rela\u00e7\u00f5es, enquanto membros da sociedade. Fazem parte do Direito Civil: o Direito de Fam\u00edlia, o Direito dos Contratos, o Direito de Sucess\u00e3o, o Direito das Pessoas, o Direito dos Fatos Jur\u00eddicos e o Direito das Obriga\u00e7\u00f5es.<\/p>\n<h3>Contratos<\/h3>\n<p><a href=\"#\"> Confec\u00e7\u00e3o e an\u00e1lise de contratos<br \/><\/a><\/p>\n<h3>Previdenci\u00e1rio<\/h3>\n<p><a href=\"#\"> Ramo do Direito p\u00fablico que tem como objeto a seguridade social. Trata, dentre outros aspectos, das aposentadorias por idade, por tempo de contribui\u00e7\u00e3o, por invalidez, e especial; dos aux\u00edlios doen\u00e7a, acidente, e reclus\u00e3o; dos sal\u00e1rios fam\u00edlia e maternidade; e da pens\u00e3o por morte.<br \/><\/a><\/p>\n<h3>Administrativo<\/h3>\n<p><a href=\"#\"> Ramo do direito p\u00fablico que trata de princ\u00edpios e regras que disciplinam a fun\u00e7\u00e3o administrativa e que abrange entes, \u00f3rg\u00e3os, agentes e atividades desempenhadas pela Administra\u00e7\u00e3o P\u00fablica na consecu\u00e7\u00e3o do interesse p\u00fablico. Abrange, a t\u00edtulo de exemplo, as nomea\u00e7\u00f5es por concursos p\u00fablicos, requerimentos e recursos a \u00f3rg\u00e3os p\u00fablicos, etc.<br \/><\/a><\/p>\n<h3>Tribut\u00e1rio<\/h3>\n<p><a href=\"#\"> Ligado ao Direito p\u00fablico, ocupa-se das rela\u00e7\u00f5es jur\u00eddicas entre o Estado e as pessoas jur\u00eddicas de direito privado e f\u00edsicas concernentes \u00e0 institui\u00e7\u00e3o, \u00e0 imposi\u00e7\u00e3o, \u00e0 escritura\u00e7\u00e3o, \u00e0 fiscaliza\u00e7\u00e3o e \u00e0 arrecada\u00e7\u00e3o dos tributos.<br \/><\/a><\/p>\n<h3>Trabalho<\/h3>\n<p><a href=\"#\"> Ramo do Direito que rege as rela\u00e7\u00f5es entre empregadores e empregados. Suas normas s\u00e3o regidas principalmente pela CLT \u2013 Consolida\u00e7\u00e3o das Leis do Trabalho \u2013 e pela Constitui\u00e7\u00e3o.<br \/><\/a><\/p>\n<h4>Quem Somos<\/h4>\n<h2>Conhe\u00e7a nossos Advogados<\/h2>\n<h3>Rodrigo Costa e Costa<\/h3>\n<p>Graduado pela Faculdade de Direito da UFJF (Universidade Federal de Juiz de Fora), em 2004. Especialista em Direito das Sucess\u00f5es, responsabilidade civil e previdenci\u00e1rio, com mais de 15 anos de experi\u00eancia, sua pr\u00e1tica tamb\u00e9m abrange Direito do Trabalho e recupera\u00e7\u00e3o de cr\u00e9dito.<br \/>P\u00f3s-graduado em Direito Privado pela Unigranrio. P\u00f3s-gradado em Direito P\u00fablico pela Unigranrio.<\/p>\n<h3>Victor Fernandes Lima<\/h3>\n<p>Especialista em Direito de Fam\u00edlia, Contratos e Administrativo<br \/>Graduado pelo Instituto Vianna J\u00fanior, em 2003.<br \/>P\u00f3s-graduado em Direito P\u00fablico pelo Centro Universit\u00e1rio Newton Paiva (2003-2004).<br \/>Concluiu o Curso de Prepara\u00e7\u00e3o \u00e0 Carreira da Magistratura da EMERJ &#8211; Escola da Magistratura do Estado do Rio de Janeiro (2005-2007).<br \/>Especialista em Direito Civil.<\/p>\n<h4>Procurando espa\u00e7o?<\/h4>\n<h2>Venha ser nosso parceiro(a)<\/h2>\n<p>Acreditamos que juntos somos mais fortes. Venha fazer parte do nosso time!<\/p>\n<h2>Diferenciais<\/h2>\n<p>Escrit\u00f3rio de advocacia localizado no centro de Juiz de Fora, possibilitando o r\u00e1pido atendimento a dilig\u00eancias.<\/p>\n<p>Atuamos nas esferas c\u00edvel (Fam\u00edlia, Responsabilidade Civil, Contratos, etc), previdenci\u00e1ria, administrativa e tribut\u00e1ria.<\/p>\n<h1>Entre em contato e saiba como podemos te ajudar<\/h1>\n<p>Nossa miss\u00e3o \u00e9 atender voc\u00ea!<\/p>\n<p><a role=\"button\" href=\"mailto:rodrigo@costaefernandes.com.br\"><br \/>Fale Conosco<br \/><\/a><\/p>\n<ul>\n<li>Av. Br. do Rio Branco, 2001, sala 1904 | Centro | Juiz de Fora | MG<\/li>\n<li>(32) 3213-8458<\/li>\n<li>(32) 99194-6573<\/li>\n<\/ul>\n<p><iframe title=\"%3$s\" src=\"https:\/\/maps.google.com\/maps?q=Av%20Rio%20branco%2C%202001%2C%20sala%201904&amp;t=m&amp;z=15&amp;output=embed&amp;iwloc=near\" frameborder=\"0\" marginwidth=\"0\" marginheight=\"0\" scrolling=\"no\" aria-label=\"%3$s\"><\/iframe><\/p>\n","protected":false},"excerpt":{"rendered":"<p>\u00a0 \u00a0 Sobre n\u00f3s Quem somos Nosso escrit\u00f3rio de advocacia iniciou suas atividades em 12 de fevereiro de 2008, atuando wazamba casino desde ent\u00e3o nas mais diversas esferas do Direito em Juiz de Fora e regi\u00e3o. Os s\u00f3cios-fundadores, Dr. Rodrigo Costa e Costa e Dr. Victor Fernandes Lima, contam com mais de 15 anos de [&hellip;]<\/p>\n","protected":false},"author":1,"featured_media":196,"parent":0,"menu_order":0,"comment_status":"closed","ping_status":"closed","template":"","meta":[],"_links":{"self":[{"href":"https:\/\/costaefernandes.com.br\/index.php?rest_route=\/wp\/v2\/pages\/11"}],"collection":[{"href":"https:\/\/costaefernandes.com.br\/index.php?rest_route=\/wp\/v2\/pages"}],"about":[{"href":"https:\/\/costaefernandes.com.br\/index.php?rest_route=\/wp\/v2\/types\/page"}],"author":[{"embeddable":true,"href":"https:\/\/costaefernandes.com.br\/index.php?rest_route=\/wp\/v2\/users\/1"}],"replies":[{"embeddable":true,"href":"https:\/\/costaefernandes.com.br\/index.php?rest_route=%2Fwp%2Fv2%2Fcomments&post=11"}],"version-history":[{"count":183,"href":"https:\/\/costaefernandes.com.br\/index.php?rest_route=\/wp\/v2\/pages\/11\/revisions"}],"predecessor-version":[{"id":378,"href":"https:\/\/costaefernandes.com.br\/index.php?rest_route=\/wp\/v2\/pages\/11\/revisions\/378"}],"wp:featuredmedia":[{"embeddable":true,"href":"https:\/\/costaefernandes.com.br\/index.php?rest_route=\/wp\/v2\/media\/196"}],"wp:attachment":[{"href":"https:\/\/costaefernandes.com.br\/index.php?rest_route=%2Fwp%2Fv2%2Fmedia&parent=11"}],"curies":[{"name":"wp","href":"https:\/\/api.w.org\/{rel}","templated":true}]}}